{"id":638,"date":"2021-06-13T22:25:07","date_gmt":"2021-06-13T22:25:07","guid":{"rendered":"https:\/\/rubota.com\/offene-stellen-anzeigen-listenlayout\/"},"modified":"2023-08-15T11:01:34","modified_gmt":"2023-08-15T11:01:34","slug":"offene-stellen-anzeigen-listenlayout","status":"publish","type":"page","link":"https:\/\/rubota.com\/de\/offene-stellen-anzeigen-listenlayout\/","title":{"rendered":"Offene Stellen anzeigen &#8211; Listenlayout"},"content":{"rendered":"<div class=\"job_listings \" data-location=\"\" data-keywords=\"\" data-show_filters=\"false\" data-show_pagination=\"true\" data-job_types=\"\" data-featured=\"\" data-filled=\"\" data-remote_position=\"\" data-per_page=\"10\" data-orderby=\"featured\" data-order=\"DESC\" data-list_layout=\"list\" data-categories=\"\" data-disable-form-state-storage=\"\" data-post_id=\"797\" >\r\n            <!-- Listings Loader -->\r\n            <div class=\"listings-loader\">\r\n                <div class=\"spinner\">\r\n                  <div class=\"double-bounce1\"><\/div>\r\n                  <div class=\"double-bounce2\"><\/div>\r\n                <\/div>\r\n            <\/div>\r\n            \r\n            <ul class=\"job_listings job-list full     new-layout hide-desc\" >\r\n\r\n            \t\t<!-- Listing -->\n\t\t<li  data-longitude=\"21.0136079\" data-latitude=\"52.2477331\" data-color=\"#\" data-title=\"Zimmerleute und Elektriker\" data-image=\"https:\/\/rubota.com\/wp-content\/uploads\/2019\/10\/6btf6c2qiwxvhi33fji3ac-150x150.jpg\" data-company=\"murekspool\" data-address=\"\u041b\u043e\u0441 \u0410\u043d\u0436\u0435\u043b\u0435\u0441\" data-job_type=\"&lt;span class=&quot;job-type teilzeitarbeit&quot;&gt;Teilzeitarbeit&lt;\/span&gt;\" data-job_id=\"786\" data-rate=\"\" data-salary=\"\" data-job_type_class=\"teilzeitarbeit\" >\n\t\t\t<a href=\"https:\/\/rubota.com\/de\/job\/zimmerleute-und-elektriker\/\" class=\"left post-786 job_listing type-job_listing status-publish has-post-thumbnail hentry job_listing_region-los-angeles job_listing_category-construction-facilities job_listing_type-teilzeitarbeit job-type-teilzeitarbeit\" data-longitude=\"21.0136079\" data-latitude=\"52.2477331\">\n\t\t\t\t<div class=\"listing-logo\">\n\t\t\t\t\t<img decoding=\"async\" class=\"company_logo\" src=\"https:\/\/rubota.com\/wp-content\/uploads\/2019\/10\/6btf6c2qiwxvhi33fji3ac-150x150.jpg\" alt=\"murekspool\" \/>\t\t\t\t<\/div>\n\t\t\t\t<div class=\"listing-title\">\n\t\t\t\t\t<h4>Zimmerleute und Elektriker\t\t\t\t\t\t<div class=\"listing-types-list\"><span class=\"job-type teilzeitarbeit\">Teilzeitarbeit<\/span><\/div>\n\n\t\t\t\t\t<\/h4>\n\n\t\t\t\t\t<ul class=\"listing-icons\">\n\t\t\t\t\t\t\n\t\t\t\t\t\t\t\t\t\t\t\t\t\t\t\t\t\t\t<li><i class=\"ln ln-icon-Management\"><\/i> murekspool<\/li>\n\t\t\t\t\t\t\n\t\t\t\t\t\t\t\t\t\t\t\t\t<li><i class=\"ln ln-icon-Map2\"><\/i>  \u041b\u043e\u0441 \u0410\u043d\u0436\u0435\u043b\u0435\u0441<\/li>\n\t\t\t\t\t\t\n\t\t\t\t\t\t\n\t\t\t\t\t\t\t\t\t\t\t\t\t\t\t\t\t\t\t\t\t\t\t\t\n\n\t\t\t\t\t\t\t\t\t\t\t\t\t\t\t\t\t\t\t<div class=\"listing-desc\"><p>Wir haben eine Vollzeitstelle f\u00fcr Tischler, Klempner, Elektriker und Teppichverleger zu besetzen. Sie m\u00fcssen in der Lage sein, mindestens 5 Schichten pro Woche zu arbeiten und wochentags verf\u00fcgbar zu sein&#8230;.<\/p>\n<\/div>\n\t\t\t\t\t\t\n\n\t\t\t\t\t<\/ul>\n\n\t\t\t\t<\/div>\n\t\t\t<\/a>\n\t\t<\/li>\n\t\t\t<!-- Listing -->\n\t\t<li  data-longitude=\"37.6173\" data-latitude=\"55.755826\" data-color=\"#\" data-title=\"Senior Finance Manager\" data-image=\"https:\/\/rubota.com\/wp-content\/uploads\/2015\/10\/travelsea1-150x150.png\" data-company=\"Travellingsea\" data-address=\"\u041c\u0430\u0439\u0430\u043c\u0438\" data-job_type=\"&lt;span class=&quot;job-type praktikumsplatz&quot;&gt;Praktikumsplatz&lt;\/span&gt;\" data-job_id=\"793\" data-rate=\"\" data-salary=\"\" data-job_type_class=\"praktikumsplatz\" >\n\t\t\t<a href=\"https:\/\/rubota.com\/de\/job\/senior-finance-manager\/\" class=\"left post-793 job_listing type-job_listing status-publish has-post-thumbnail hentry job_listing_region-miami job_listing_category-accounting-finance job_listing_type-praktikumsplatz job-type-praktikumsplatz\" data-longitude=\"37.6173\" data-latitude=\"55.755826\">\n\t\t\t\t<div class=\"listing-logo\">\n\t\t\t\t\t<img decoding=\"async\" class=\"company_logo\" src=\"https:\/\/rubota.com\/wp-content\/uploads\/2015\/10\/travelsea1-150x150.png\" alt=\"Travellingsea\" \/>\t\t\t\t<\/div>\n\t\t\t\t<div class=\"listing-title\">\n\t\t\t\t\t<h4>Senior Finance Manager\t\t\t\t\t\t<div class=\"listing-types-list\"><span class=\"job-type praktikumsplatz\">Praktikumsplatz<\/span><\/div>\n\n\t\t\t\t\t<\/h4>\n\n\t\t\t\t\t<ul class=\"listing-icons\">\n\t\t\t\t\t\t\n\t\t\t\t\t\t\t\t\t\t\t\t\t\t\t\t\t\t\t<li><i class=\"ln ln-icon-Management\"><\/i> Travellingsea<\/li>\n\t\t\t\t\t\t\n\t\t\t\t\t\t\t\t\t\t\t\t\t<li><i class=\"ln ln-icon-Map2\"><\/i>  \u041c\u0430\u0439\u0430\u043c\u0438<\/li>\n\t\t\t\t\t\t\n\t\t\t\t\t\t\n\t\t\t\t\t\t\t\t\t\t\t\t\t\t\t\t\t\t\t\t\t\t\t\t\n\n\t\t\t\t\t\t\t\t\t\t\t\t\t\t\t\t\t\t\t<div class=\"listing-desc\"><p>Diese Position ist verantwortlich f\u00fcr die Entwicklung von Pl\u00e4nen, die Analyse von Finanzergebnissen, die Durchf\u00fchrung von Sonderprojekten und die Erstellung von w\u00f6chentlichen\/monatlichen Berichten im Zusammenhang mit dem Home Depot Shop-Betrieb&#8230;.<\/p>\n<\/div>\n\t\t\t\t\t\t\n\n\t\t\t\t\t<\/ul>\n\n\t\t\t\t<\/div>\n\t\t\t<\/a>\n\t\t<\/li>\n\t\t\t<!-- Listing -->\n\t\t<li  data-longitude=\"14.26812\" data-latitude=\"40.8517983\" data-color=\"#\" data-title=\"Arbeit als Kostenrechner f\u00fcr die Programmfinanzierung\" data-image=\"https:\/\/rubota.com\/wp-content\/uploads\/2015\/10\/Untitled-1-150x150.png\" data-company=\"Diagramm-Block\" data-address=\"\u041d\u044c\u044e-\u0419\u043e\u0440\u043a\" data-job_type=\"&lt;span class=&quot;job-type teilzeitarbeit&quot;&gt;Teilzeitarbeit&lt;\/span&gt;\" data-job_id=\"799\" data-rate=\"\" data-salary=\"\" data-job_type_class=\"teilzeitarbeit\" >\n\t\t\t<a href=\"https:\/\/rubota.com\/de\/job\/arbeit-als-kostenrechner-fuer-die-programmfinanzierung\/\" class=\"left post-799 job_listing type-job_listing status-publish has-post-thumbnail hentry job_listing_region-new-york job_listing_category-accounting-finance job_listing_type-teilzeitarbeit job-type-teilzeitarbeit\" data-longitude=\"14.26812\" data-latitude=\"40.8517983\">\n\t\t\t\t<div class=\"listing-logo\">\n\t\t\t\t\t<img decoding=\"async\" class=\"company_logo\" src=\"https:\/\/rubota.com\/wp-content\/uploads\/2015\/10\/Untitled-1-150x150.png\" alt=\"Diagramm-Block\" \/>\t\t\t\t<\/div>\n\t\t\t\t<div class=\"listing-title\">\n\t\t\t\t\t<h4>Arbeit als Kostenrechner f\u00fcr die Programmfinanzierung\t\t\t\t\t\t<div class=\"listing-types-list\"><span class=\"job-type teilzeitarbeit\">Teilzeitarbeit<\/span><\/div>\n\n\t\t\t\t\t<\/h4>\n\n\t\t\t\t\t<ul class=\"listing-icons\">\n\t\t\t\t\t\t\n\t\t\t\t\t\t\t\t\t\t\t\t\t\t\t\t\t\t\t<li><i class=\"ln ln-icon-Management\"><\/i> Diagramm-Block<\/li>\n\t\t\t\t\t\t\n\t\t\t\t\t\t\t\t\t\t\t\t\t<li><i class=\"ln ln-icon-Map2\"><\/i>  \u041d\u044c\u044e-\u0419\u043e\u0440\u043a<\/li>\n\t\t\t\t\t\t\n\t\t\t\t\t\t\n\t\t\t\t\t\t\t\t\t\t\t\t\t\t\t\t\t\t\t\t\t\t\t\t\n\n\t\t\t\t\t\t\t\t\t\t\t\t\t\t\t\t\t\t\t<div class=\"listing-desc\"><p>Was Sie tun werden: Bereitstellung umfassender Finanzkennzahlen und -prognosen f\u00fcr Programmmanager, Finanzabteilung und leitende Mitarbeiter bei gleichzeitiger Gew\u00e4hrleistung der Kosten- und Terminkontrolle im Einklang mit den Rentabilit\u00e4tszielen Entwicklung, Kommunikation und&#8230;<\/p>\n<\/div>\n\t\t\t\t\t\t\n\n\t\t\t\t\t<\/ul>\n\n\t\t\t\t<\/div>\n\t\t\t<\/a>\n\t\t<\/li>\n\t\t\t<!-- Listing -->\n\t\t<li  data-longitude=\"24.938379\" data-latitude=\"60.1698557\" data-color=\"#\" data-title=\"Schalterverkauf und Lieferung von Ersatzteilen\" data-image=\"https:\/\/rubota.com\/wp-content\/uploads\/2019\/10\/airbnb-rebrand-by-designstudio_dezeen_468_8-150x150.webp\" data-company=\"Garage\" data-address=\"\u0421\u0430\u043d \u0424\u0440\u0430\u043d\u0446\u0438\u0441\u043a\u043e\" data-job_type=\"&lt;span class=&quot;job-type vollzeit-de&quot;&gt;Vollzeit&lt;\/span&gt;\" data-job_id=\"788\" data-rate=\"\" data-salary=\"\" data-job_type_class=\"vollzeit-de\" >\n\t\t\t<a href=\"https:\/\/rubota.com\/de\/job\/schalterverkauf-und-lieferung-von-ersatzteilen\/\" class=\"left post-788 job_listing type-job_listing status-publish has-post-thumbnail hentry job_listing_region-san-francisco job_listing_category-automotive-jobs job_listing_type-vollzeit-de job-type-vollzeit\" data-longitude=\"24.938379\" data-latitude=\"60.1698557\">\n\t\t\t\t<div class=\"listing-logo\">\n\t\t\t\t\t<img decoding=\"async\" class=\"company_logo\" src=\"https:\/\/rubota.com\/wp-content\/uploads\/2019\/10\/airbnb-rebrand-by-designstudio_dezeen_468_8-150x150.webp\" alt=\"Garage\" \/>\t\t\t\t<\/div>\n\t\t\t\t<div class=\"listing-title\">\n\t\t\t\t\t<h4>Schalterverkauf und Lieferung von Ersatzteilen\t\t\t\t\t\t<div class=\"listing-types-list\"><span class=\"job-type vollzeit-de\">Vollzeit<\/span><\/div>\n\n\t\t\t\t\t<\/h4>\n\n\t\t\t\t\t<ul class=\"listing-icons\">\n\t\t\t\t\t\t\n\t\t\t\t\t\t\t\t\t\t\t\t\t\t\t\t\t\t\t<li><i class=\"ln ln-icon-Management\"><\/i> Garage<\/li>\n\t\t\t\t\t\t\n\t\t\t\t\t\t\t\t\t\t\t\t\t<li><i class=\"ln ln-icon-Map2\"><\/i>  \u0421\u0430\u043d \u0424\u0440\u0430\u043d\u0446\u0438\u0441\u043a\u043e<\/li>\n\t\t\t\t\t\t\n\t\t\t\t\t\t\n\t\t\t\t\t\t\t\t\t\t\t\t\t\t\t\t\t\t\t\t\t\t\t\t\n\n\t\t\t\t\t\t\t\t\t\t\t\t\t\t\t\t\t\t\t<div class=\"listing-desc\"><p>Lieferung von Ersatzteilen Diese Position beinhaltet einen erstklassigen Kundenservice durch die sichere und effiziente Auslieferung von Teilen\/Produkten an professionelle Kunden. Nutzung eines vom Unternehmen zur Verf\u00fcgung gestellten Fahrzeugs. &nbsp; F\u00e4higkeiten\/Qualifikationen&#8230;<\/p>\n<\/div>\n\t\t\t\t\t\t\n\n\t\t\t\t\t<\/ul>\n\n\t\t\t\t<\/div>\n\t\t\t<\/a>\n\t\t<\/li>\n\t\t\t<!-- Listing -->\n\t\t<li  data-longitude=\"2.3522219\" data-latitude=\"48.856614\" data-color=\"#\" data-title=\"Spezialist: Wartungstechniker\" data-image=\"https:\/\/rubota.com\/wp-content\/uploads\/2019\/10\/878_acer-150x150.jpg\" data-company=\"Garage\" data-address=\"\u041b\u043e\u0441 \u0410\u043d\u0436\u0435\u043b\u0435\u0441\" data-job_type=\"&lt;span class=&quot;job-type vollzeit-de&quot;&gt;Vollzeit&lt;\/span&gt;\" data-job_id=\"796\" data-rate=\"\" data-salary=\"\" data-job_type_class=\"vollzeit-de\" >\n\t\t\t<a href=\"https:\/\/rubota.com\/de\/job\/spezialist-wartungstechniker\/\" class=\"left post-796 job_listing type-job_listing status-publish has-post-thumbnail hentry job_listing_region-los-angeles job_listing_category-automotive-jobs job_listing_type-vollzeit-de job-type-vollzeit\" data-longitude=\"2.3522219\" data-latitude=\"48.856614\">\n\t\t\t\t<div class=\"listing-logo\">\n\t\t\t\t\t<img decoding=\"async\" class=\"company_logo\" src=\"https:\/\/rubota.com\/wp-content\/uploads\/2019\/10\/878_acer-150x150.jpg\" alt=\"Garage\" \/>\t\t\t\t<\/div>\n\t\t\t\t<div class=\"listing-title\">\n\t\t\t\t\t<h4>Spezialist: Wartungstechniker\t\t\t\t\t\t<div class=\"listing-types-list\"><span class=\"job-type vollzeit-de\">Vollzeit<\/span><\/div>\n\n\t\t\t\t\t<\/h4>\n\n\t\t\t\t\t<ul class=\"listing-icons\">\n\t\t\t\t\t\t\n\t\t\t\t\t\t\t\t\t\t\t\t\t\t\t\t\t\t\t<li><i class=\"ln ln-icon-Management\"><\/i> Garage<\/li>\n\t\t\t\t\t\t\n\t\t\t\t\t\t\t\t\t\t\t\t\t<li><i class=\"ln ln-icon-Map2\"><\/i>  \u041b\u043e\u0441 \u0410\u043d\u0436\u0435\u043b\u0435\u0441<\/li>\n\t\t\t\t\t\t\n\t\t\t\t\t\t\n\t\t\t\t\t\t\t\t\t\t\t\t\t\t\t\t\t\t\t\t\t\t\t\t\n\n\t\t\t\t\t\t\t\t\t\t\t\t\t\t\t\t\t\t\t<div class=\"listing-desc\"><p>Stellenbeschreibung: Der Wartungstechniker ist f\u00fcr die Durchf\u00fchrung von vorbeugenden Wartungs- und Reparaturarbeiten an verschiedenen Fahrzeugtypen zust\u00e4ndig. Zu den weiteren Aufgaben geh\u00f6ren unter anderem: Unterst\u00fctzung der leitenden Mechaniker bei ihrer Arbeit&#8230;<\/p>\n<\/div>\n\t\t\t\t\t\t\n\n\t\t\t\t\t<\/ul>\n\n\t\t\t\t<\/div>\n\t\t\t<\/a>\n\t\t<\/li>\n\t\t\t<!-- Listing -->\n\t\t<li  data-longitude=\"-0.1275862\" data-latitude=\"51.5072178\" data-color=\"#\" data-title=\"Senior Kreativ-Entwickler\" data-image=\"https:\/\/rubota.com\/wp-content\/uploads\/2019\/10\/star-logo-design-png_123799-150x150.jpg\" data-company=\"Materialien f\u00fcr schwarze Kunst\" data-address=\"\u041b\u043e\u0441 \u0410\u043d\u0436\u0435\u043b\u0435\u0441\" data-job_type=\"&lt;span class=&quot;job-type vollzeit-de&quot;&gt;Vollzeit&lt;\/span&gt;\" data-job_id=\"785\" data-rate=\"\" data-salary=\"\" data-job_type_class=\"vollzeit-de\" >\n\t\t\t<a href=\"https:\/\/rubota.com\/de\/job\/senior-kreativ-entwickler\/\" class=\"left post-785 job_listing type-job_listing status-publish has-post-thumbnail hentry job_listing_region-los-angeles job_listing_category-telecommunications job_listing_type-vollzeit-de job-type-vollzeit\" data-longitude=\"-0.1275862\" data-latitude=\"51.5072178\">\n\t\t\t\t<div class=\"listing-logo\">\n\t\t\t\t\t<img decoding=\"async\" class=\"company_logo\" src=\"https:\/\/rubota.com\/wp-content\/uploads\/2019\/10\/star-logo-design-png_123799-150x150.jpg\" alt=\"Materialien f\u00fcr schwarze Kunst\" \/>\t\t\t\t<\/div>\n\t\t\t\t<div class=\"listing-title\">\n\t\t\t\t\t<h4>Senior Kreativ-Entwickler\t\t\t\t\t\t<div class=\"listing-types-list\"><span class=\"job-type vollzeit-de\">Vollzeit<\/span><\/div>\n\n\t\t\t\t\t<\/h4>\n\n\t\t\t\t\t<ul class=\"listing-icons\">\n\t\t\t\t\t\t\n\t\t\t\t\t\t\t\t\t\t\t\t\t\t\t\t\t\t\t<li><i class=\"ln ln-icon-Management\"><\/i> Materialien f\u00fcr schwarze Kunst<\/li>\n\t\t\t\t\t\t\n\t\t\t\t\t\t\t\t\t\t\t\t\t<li><i class=\"ln ln-icon-Map2\"><\/i>  \u041b\u043e\u0441 \u0410\u043d\u0436\u0435\u043b\u0435\u0441<\/li>\n\t\t\t\t\t\t\n\t\t\t\t\t\t\n\t\t\t\t\t\t\t\t\t\t\t\t\t\t\t\t\t\t\t\t\t\t\t\t\n\n\t\t\t\t\t\t\t\t\t\t\t\t\t\t\t\t\t\t\t<div class=\"listing-desc\"><p>Die Hauptaufgabe dieser Position ist die Erstellung von Grafiken f\u00fcr eine breite Palette von Marketinginitiativen, einschlie\u00dflich Website-Grafiken (Desktop und Mobile), Printwerbung, soziale Medien, Produktverpackungen, gedruckte Kataloge, Brosch\u00fcren, Flyer usw. Der&#8230;<\/p>\n<\/div>\n\t\t\t\t\t\t\n\n\t\t\t\t\t<\/ul>\n\n\t\t\t\t<\/div>\n\t\t\t<\/a>\n\t\t<\/li>\n\t\t\t<!-- Listing -->\n\t\t<li  data-longitude=\"-0.1275862\" data-latitude=\"51.5072178\" data-color=\"#\" data-title=\"Marketing-Koordinatorin\" data-image=\"https:\/\/rubota.com\/wp-content\/uploads\/2019\/10\/19136445-asus-logo-asus-symbol-kostenloser-kostenlos-vektor-150x150.jpg\" data-company=\"Birne USA\" data-address=\"\u041b\u043e\u0441 \u0410\u043d\u0436\u0435\u043b\u0435\u0441\" data-job_type=\"&lt;span class=&quot;job-type vollzeit-de&quot;&gt;Vollzeit&lt;\/span&gt;\" data-job_id=\"794\" data-rate=\"\" data-salary=\"\" data-job_type_class=\"vollzeit-de\" >\n\t\t\t<a href=\"https:\/\/rubota.com\/de\/job\/marketing-koordinatorin\/\" class=\"left post-794 job_listing type-job_listing status-publish has-post-thumbnail hentry job_listing_region-los-angeles job_listing_category-healthcare job_listing_type-vollzeit-de job-type-vollzeit\" data-longitude=\"-0.1275862\" data-latitude=\"51.5072178\">\n\t\t\t\t<div class=\"listing-logo\">\n\t\t\t\t\t<img decoding=\"async\" class=\"company_logo\" src=\"https:\/\/rubota.com\/wp-content\/uploads\/2019\/10\/19136445-asus-logo-asus-symbol-kostenloser-kostenlos-vektor-150x150.jpg\" alt=\"Birne USA\" \/>\t\t\t\t<\/div>\n\t\t\t\t<div class=\"listing-title\">\n\t\t\t\t\t<h4>Marketing-Koordinatorin\t\t\t\t\t\t<div class=\"listing-types-list\"><span class=\"job-type vollzeit-de\">Vollzeit<\/span><\/div>\n\n\t\t\t\t\t<\/h4>\n\n\t\t\t\t\t<ul class=\"listing-icons\">\n\t\t\t\t\t\t\n\t\t\t\t\t\t\t\t\t\t\t\t\t\t\t\t\t\t\t<li><i class=\"ln ln-icon-Management\"><\/i> Birne USA<\/li>\n\t\t\t\t\t\t\n\t\t\t\t\t\t\t\t\t\t\t\t\t<li><i class=\"ln ln-icon-Map2\"><\/i>  \u041b\u043e\u0441 \u0410\u043d\u0436\u0435\u043b\u0435\u0441<\/li>\n\t\t\t\t\t\t\n\t\t\t\t\t\t\n\t\t\t\t\t\t\t\t\t\t\t\t\t\t\t\t\t\t\t\t\t\t\t\t\n\n\t\t\t\t\t\t\t\t\t\t\t\t\t\t\t\t\t\t\t<div class=\"listing-desc\"><p>Pear US hat eine Stelle als Marketingkoordinator\/in in Teilzeit in unserem B\u00fcro in Naperville zu besetzen. Diese Person wird den Marketing Manager und die Vertreter der Region der Gro\u00dfen Seen&#8230;<\/p>\n<\/div>\n\t\t\t\t\t\t\n\n\t\t\t\t\t<\/ul>\n\n\t\t\t\t<\/div>\n\t\t\t<\/a>\n\t\t<\/li>\n\t\t\t<!-- Listing -->\n\t\t<li  data-longitude=\"-0.1275862\" data-latitude=\"51.5072178\" data-color=\"#\" data-title=\"Restaurantmitarbeiter &#8211; Crew\" data-image=\"https:\/\/rubota.com\/wp-content\/uploads\/2015\/10\/company-logo.png\" data-company=\"King Ltd.\" data-address=\"\u041c\u0430\u0439\u0430\u043c\u0438\" data-job_type=\"&lt;span class=&quot;job-type vollzeit-de&quot;&gt;Vollzeit&lt;\/span&gt;\" data-job_id=\"801\" data-rate=\"\" data-salary=\"\" data-job_type_class=\"vollzeit-de\" >\n\t\t\t<a href=\"https:\/\/rubota.com\/de\/job\/restaurantmitarbeiter-crew\/\" class=\"left post-801 job_listing type-job_listing status-publish has-post-thumbnail hentry job_listing_region-miami job_listing_category-restaurant-food-service job_listing_type-vollzeit-de job-type-vollzeit\" data-longitude=\"-0.1275862\" data-latitude=\"51.5072178\">\n\t\t\t\t<div class=\"listing-logo\">\n\t\t\t\t\t<img decoding=\"async\" class=\"company_logo\" src=\"https:\/\/rubota.com\/wp-content\/uploads\/2015\/10\/company-logo.png\" alt=\"King Ltd.\" \/>\t\t\t\t<\/div>\n\t\t\t\t<div class=\"listing-title\">\n\t\t\t\t\t<h4>Restaurantmitarbeiter &#8211; Crew\t\t\t\t\t\t<div class=\"listing-types-list\"><span class=\"job-type vollzeit-de\">Vollzeit<\/span><\/div>\n\n\t\t\t\t\t<\/h4>\n\n\t\t\t\t\t<ul class=\"listing-icons\">\n\t\t\t\t\t\t\n\t\t\t\t\t\t\t\t\t\t\t\t\t\t\t\t\t\t\t<li><i class=\"ln ln-icon-Management\"><\/i> King Ltd.<\/li>\n\t\t\t\t\t\t\n\t\t\t\t\t\t\t\t\t\t\t\t\t<li><i class=\"ln ln-icon-Map2\"><\/i>  \u041c\u0430\u0439\u0430\u043c\u0438<\/li>\n\t\t\t\t\t\t\n\t\t\t\t\t\t\n\t\t\t\t\t\t\t\t\t\t\t\t\t\t\t\t\t\t\t\t\t\t\t\t\n\n\t\t\t\t\t\t\t\t\t\t\t\t\t\t\t\t\t\t\t<div class=\"listing-desc\"><p>Die Fachkraft f\u00fcr Lebensmittelhandhabung stellt sicher, dass die Kunden einen ausgezeichneten Service erhalten und dass alle angebotenen Lebensmittel den erforderlichen Lagerbest\u00e4nden und Pr\u00e4sentationsstandards entsprechen. Wenn Sie Ihre Karriere als Steward&#8230;<\/p>\n<\/div>\n\t\t\t\t\t\t\n\n\t\t\t\t\t<\/ul>\n\n\t\t\t\t<\/div>\n\t\t\t<\/a>\n\t\t<\/li>\n\t\t\t<!-- Listing -->\n\t\t<li  data-longitude=\"55.2707828\" data-latitude=\"25.2048493\" data-color=\"#\" data-title=\"Senior-Verkaufstechniker\" data-image=\"https:\/\/rubota.com\/wp-content\/uploads\/2015\/10\/travelsea1-150x150.png\" data-company=\"Travellingsea\" data-address=\"\u041d\u044c\u044e-\u0419\u043e\u0440\u043a\" data-job_type=\"&lt;span class=&quot;job-type vollzeit-de&quot;&gt;Vollzeit&lt;\/span&gt;\" data-job_id=\"787\" data-rate=\"\" data-salary=\"\" data-job_type_class=\"vollzeit-de\" >\n\t\t\t<a href=\"https:\/\/rubota.com\/de\/job\/senior-verkaufstechniker\/\" class=\"left post-787 job_listing type-job_listing status-publish has-post-thumbnail hentry job_listing_region-new-york job_listing_category-transportation-logistics job_listing_type-vollzeit-de job-type-vollzeit\" data-longitude=\"55.2707828\" data-latitude=\"25.2048493\">\n\t\t\t\t<div class=\"listing-logo\">\n\t\t\t\t\t<img decoding=\"async\" class=\"company_logo\" src=\"https:\/\/rubota.com\/wp-content\/uploads\/2015\/10\/travelsea1-150x150.png\" alt=\"Travellingsea\" \/>\t\t\t\t<\/div>\n\t\t\t\t<div class=\"listing-title\">\n\t\t\t\t\t<h4>Senior-Verkaufstechniker\t\t\t\t\t\t<div class=\"listing-types-list\"><span class=\"job-type vollzeit-de\">Vollzeit<\/span><\/div>\n\n\t\t\t\t\t<\/h4>\n\n\t\t\t\t\t<ul class=\"listing-icons\">\n\t\t\t\t\t\t\n\t\t\t\t\t\t\t\t\t\t\t\t\t\t\t\t\t\t\t<li><i class=\"ln ln-icon-Management\"><\/i> Travellingsea<\/li>\n\t\t\t\t\t\t\n\t\t\t\t\t\t\t\t\t\t\t\t\t<li><i class=\"ln ln-icon-Map2\"><\/i>  \u041d\u044c\u044e-\u0419\u043e\u0440\u043a<\/li>\n\t\t\t\t\t\t\n\t\t\t\t\t\t\n\t\t\t\t\t\t\t\t\t\t\t\t\t\t\t\t\t\t\t\t\t\t\t\t\n\n\t\t\t\t\t\t\t\t\t\t\t\t\t\t\t\t\t\t\t<div class=\"listing-desc\"><p>Als Teil unseres Teams von Automechanikern in Dubai sind Sie f\u00fcr die Sicherstellung der Kundenzufriedenheit verantwortlich, indem Sie hochwertige Wartungs- und Reparaturarbeiten an Limousinen und Fahrzeugen mit Allradantrieb durchf\u00fchren, um&#8230;<\/p>\n<\/div>\n\t\t\t\t\t\t\n\n\t\t\t\t\t<\/ul>\n\n\t\t\t\t<\/div>\n\t\t\t<\/a>\n\t\t<\/li>\n\t\t\t<!-- Listing -->\n\t\t<li  data-longitude=\"-0.1428463\" data-latitude=\"51.486888\" data-color=\"#\" data-title=\"Techniker\/Installateur f\u00fcr Satellitenfernsehen\" data-image=\"https:\/\/rubota.com\/wp-content\/uploads\/2015\/10\/mars_logo_black-150x150.png\" data-company=\"Jungfrau\" data-address=\"\u041b\u043e\u0441 \u0410\u043d\u0436\u0435\u043b\u0435\u0441\" data-job_type=\"&lt;span class=&quot;job-type teilzeitarbeit&quot;&gt;Teilzeitarbeit&lt;\/span&gt;\" data-job_id=\"797\" data-rate=\"\" data-salary=\"\" data-job_type_class=\"teilzeitarbeit\" >\n\t\t\t<a href=\"https:\/\/rubota.com\/de\/job\/techniker-installateur-fuer-satellitenfernsehen\/\" class=\"left post-797 job_listing type-job_listing status-publish has-post-thumbnail hentry job_listing_region-los-angeles job_listing_category-telecommunications job_listing_type-teilzeitarbeit job-type-teilzeitarbeit\" data-longitude=\"-0.1428463\" data-latitude=\"51.486888\">\n\t\t\t\t<div class=\"listing-logo\">\n\t\t\t\t\t<img decoding=\"async\" class=\"company_logo\" src=\"https:\/\/rubota.com\/wp-content\/uploads\/2015\/10\/mars_logo_black-150x150.png\" alt=\"Jungfrau\" \/>\t\t\t\t<\/div>\n\t\t\t\t<div class=\"listing-title\">\n\t\t\t\t\t<h4>Techniker\/Installateur f\u00fcr Satellitenfernsehen\t\t\t\t\t\t<div class=\"listing-types-list\"><span class=\"job-type teilzeitarbeit\">Teilzeitarbeit<\/span><\/div>\n\n\t\t\t\t\t<\/h4>\n\n\t\t\t\t\t<ul class=\"listing-icons\">\n\t\t\t\t\t\t\n\t\t\t\t\t\t\t\t\t\t\t\t\t\t\t\t\t\t\t<li><i class=\"ln ln-icon-Management\"><\/i> Jungfrau<\/li>\n\t\t\t\t\t\t\n\t\t\t\t\t\t\t\t\t\t\t\t\t<li><i class=\"ln ln-icon-Map2\"><\/i>  \u041b\u043e\u0441 \u0410\u043d\u0436\u0435\u043b\u0435\u0441<\/li>\n\t\t\t\t\t\t\n\t\t\t\t\t\t\n\t\t\t\t\t\t\t\t\t\t\t\t\t\t\t\t\t\t\t\t\t\t\t\t\n\n\t\t\t\t\t\t\t\t\t\t\t\t\t\t\t\t\t\t\t<div class=\"listing-desc\"><p>Unsere Techniker\/Installateure f\u00fcr Satellitenfernsehen sind daf\u00fcr verantwortlich, t\u00e4glich mehrere Kunden zu besuchen, Standortuntersuchungen durchzuf\u00fchren, Satellitenanlagen zu installieren, hochwertige Breitband-Internetverbindungen bereitzustellen und unsere Kunden zu schulen. &nbsp; Der erfolgreiche Installateur\/Techniker f\u00fcr&#8230;<\/p>\n<\/div>\n\t\t\t\t\t\t\n\n\t\t\t\t\t<\/ul>\n\n\t\t\t\t<\/div>\n\t\t\t<\/a>\n\t\t<\/li>\n\t\r\n            <\/ul>\n\r\n            \r\n            \r\n        <\/div>\n","protected":false},"excerpt":{"rendered":"","protected":false},"author":1,"featured_media":0,"parent":0,"menu_order":0,"comment_status":"closed","ping_status":"closed","template":"template-jobs-no-map.php","meta":{"footnotes":""},"class_list":["post-638","page","type-page","status-publish","hentry"],"acf":[],"_links":{"self":[{"href":"https:\/\/rubota.com\/de\/wp-json\/wp\/v2\/pages\/638","targetHints":{"allow":["GET"]}}],"collection":[{"href":"https:\/\/rubota.com\/de\/wp-json\/wp\/v2\/pages"}],"about":[{"href":"https:\/\/rubota.com\/de\/wp-json\/wp\/v2\/types\/page"}],"author":[{"embeddable":true,"href":"https:\/\/rubota.com\/de\/wp-json\/wp\/v2\/users\/1"}],"replies":[{"embeddable":true,"href":"https:\/\/rubota.com\/de\/wp-json\/wp\/v2\/comments?post=638"}],"version-history":[{"count":1,"href":"https:\/\/rubota.com\/de\/wp-json\/wp\/v2\/pages\/638\/revisions"}],"predecessor-version":[{"id":641,"href":"https:\/\/rubota.com\/de\/wp-json\/wp\/v2\/pages\/638\/revisions\/641"}],"wp:attachment":[{"href":"https:\/\/rubota.com\/de\/wp-json\/wp\/v2\/media?parent=638"}],"curies":[{"name":"wp","href":"https:\/\/api.w.org\/{rel}","templated":true}]}}